{"id":9,"date":"2020-11-11T14:04:08","date_gmt":"2020-11-11T13:04:08","guid":{"rendered":"https:\/\/jj-sisters.at\/?page_id=9"},"modified":"2024-01-16T21:26:44","modified_gmt":"2024-01-16T20:26:44","slug":"home","status":"publish","type":"page","link":"https:\/\/jj-sisters.at\/","title":{"rendered":"Home"},"content":{"rendered":"<p>[et_pb_section fb_built=&#8220;1&#8243; admin_label=&#8220;Hero&#8220; _builder_version=&#8220;4.6.6&#8243; background_image=&#8220;https:\/\/jj-sisters.at\/wp-content\/uploads\/2020\/11\/Hero_BW.jpg&#8220; custom_padding=&#8220;50vw||0vw|||&#8220;][\/et_pb_section][et_pb_section fb_built=&#8220;1&#8243; _builder_version=&#8220;4.6.6&#8243; _module_preset=&#8220;default&#8220; custom_padding=&#8220;0px|||||&#8220;][et_pb_row _builder_version=&#8220;4.6.6&#8243; _module_preset=&#8220;default&#8220;][et_pb_column type=&#8220;4_4&#8243; _builder_version=&#8220;4.6.6&#8243; _module_preset=&#8220;default&#8220;][et_pb_text _builder_version=&#8220;4.6.6&#8243; _module_preset=&#8220;default&#8220; header_2_text_color=&#8220;#d62246&#8243; header_2_font_size=&#8220;100px&#8220; animation_style=&#8220;zoom&#8220; header_2_font_size_tablet=&#8220;&#8220; header_2_font_size_phone=&#8220;64px&#8220; header_2_font_size_last_edited=&#8220;on|phone&#8220;]<\/p>\n<h2 style=\"text-align: center;\">JJ-Sister&#8217;s<\/h2>\n<p>[\/et_pb_text][et_pb_text _builder_version=&#8220;4.6.6&#8243; _module_preset=&#8220;default&#8220; header_font=&#8220;Yeseva One||||||||&#8220; header_text_color=&#8220;#191923&#8243; header_font_size=&#8220;64px&#8220; header_line_height=&#8220;1.3em&#8220; header_font_size_tablet=&#8220;&#8220; header_font_size_phone=&#8220;46px&#8220; header_font_size_last_edited=&#8220;on|phone&#8220; header_line_height_tablet=&#8220;1.4em&#8220; header_line_height_phone=&#8220;&#8220; header_line_height_last_edited=&#8220;on|tablet&#8220;]<\/p>\n<h1 style=\"text-align: center;\">Hairstyling &amp; Makeup<\/h1>\n<p>[\/et_pb_text][et_pb_text _builder_version=&#8220;4.6.6&#8243; _module_preset=&#8220;default&#8220; text_font=&#8220;Montserrat||||||||&#8220; text_text_color=&#8220;#191923&#8243; text_font_size=&#8220;18px&#8220; text_line_height=&#8220;1.5em&#8220; text_font_size_tablet=&#8220;&#8220; text_font_size_phone=&#8220;16px&#8220; text_font_size_last_edited=&#8220;on|phone&#8220;]<\/p>\n<p class=\"p1\" style=\"text-align: center;\">JJ-Sister&#8217;s ist ein geniales Sch\u00f6nheitsunternehmen, wo Professionalit\u00e4t gro\u00df geschrieben wird.<\/p>\n<p>[\/et_pb_text][\/et_pb_column][\/et_pb_row][et_pb_row _builder_version=&#8220;4.6.6&#8243; _module_preset=&#8220;default&#8220;][et_pb_column type=&#8220;4_4&#8243; _builder_version=&#8220;4.6.6&#8243; _module_preset=&#8220;default&#8220;][et_pb_image src=&#8220;https:\/\/jj-sisters.at\/wp-content\/uploads\/2020\/11\/Service.jpg&#8220; alt=&#8220;JJ-Sisters&#8220; title_text=&#8220;JJ-Sisters&#8220; _builder_version=&#8220;4.6.6&#8243; _module_preset=&#8220;default&#8220; hover_enabled=&#8220;0&#8243; border_color_all=&#8220;#191923&#8243; box_shadow_style=&#8220;preset4&#8243; box_shadow_color=&#8220;#d62246&#8243; align=&#8220;center&#8220; sticky_enabled=&#8220;0&#8243;][\/et_pb_image][et_pb_text _builder_version=&#8220;4.6.6&#8243; _module_preset=&#8220;default&#8220; text_font=&#8220;Montserrat||||||||&#8220; text_text_color=&#8220;#191923&#8243; text_font_size=&#8220;18px&#8220; text_line_height=&#8220;1.5em&#8220; text_font_size_tablet=&#8220;&#8220; text_font_size_phone=&#8220;16px&#8220; text_font_size_last_edited=&#8220;on|phone&#8220;]<\/p>\n<p class=\"p1\" style=\"text-align: center;\">Der Name enstand als wir f\u00fcr eine Designerin Hairstyling und Makeup bei einem Shooting ihrer Kollektion \u00fcbernommen haben. Wir sind auch im wirklichen Leben unzertrennbare Schwestern, die im Beruf Hand in Hand arbeiten.<\/p>\n<p class=\"p1\">[\/et_pb_text][\/et_pb_column][\/et_pb_row][et_pb_row column_structure=&#8220;1_2,1_2&#8243; _builder_version=&#8220;4.6.6&#8243; _module_preset=&#8220;default&#8220;][et_pb_column type=&#8220;1_2&#8243; _builder_version=&#8220;4.6.6&#8243; _module_preset=&#8220;default&#8220;][et_pb_text _builder_version=&#8220;4.6.6&#8243; _module_preset=&#8220;default&#8220; header_2_text_color=&#8220;#d62246&#8243; header_2_font_size=&#8220;100px&#8220; header_2_font_size_tablet=&#8220;&#8220; header_2_font_size_phone=&#8220;64px&#8220; header_2_font_size_last_edited=&#8220;on|phone&#8220;]<\/p>\n<h2 style=\"text-align: center;\">J<\/h2>\n<p>[\/et_pb_text][et_pb_image src=&#8220;https:\/\/jj-sisters.at\/wp-content\/uploads\/2020\/11\/Jasmin_Stuhl_web.jpg&#8220; alt=&#8220;JJ-Sisters&#8220; title_text=&#8220;JJ-Sisters&#8220; _builder_version=&#8220;4.6.6&#8243; _module_preset=&#8220;default&#8220; animation_style=&#8220;fold&#8220; border_width_all=&#8220;15px&#8220; border_color_all=&#8220;#ffffff&#8220; border_width_all_tablet=&#8220;&#8220; border_width_all_phone=&#8220;12px&#8220; border_width_all_last_edited=&#8220;on|phone&#8220; box_shadow_style=&#8220;preset2&#8243; box_shadow_horizontal=&#8220;10px&#8220; box_shadow_vertical=&#8220;10px&#8220; box_shadow_blur=&#8220;20px&#8220;][\/et_pb_image][et_pb_text _builder_version=&#8220;4.6.6&#8243; _module_preset=&#8220;default&#8220; text_font=&#8220;Montserrat||||||||&#8220; text_text_color=&#8220;#191923&#8243; text_font_size=&#8220;18px&#8220; text_line_height=&#8220;1.5em&#8220; text_font_size_tablet=&#8220;&#8220; text_font_size_phone=&#8220;16px&#8220; text_font_size_last_edited=&#8220;on|phone&#8220;]<\/p>\n<p class=\"p1\" style=\"text-align: center;\">Jasmin<\/p>\n<p class=\"p1\">[\/et_pb_text][\/et_pb_column][et_pb_column type=&#8220;1_2&#8243; _builder_version=&#8220;4.6.6&#8243; _module_preset=&#8220;default&#8220;][et_pb_text _builder_version=&#8220;4.6.6&#8243; _module_preset=&#8220;default&#8220; header_2_text_color=&#8220;#d62246&#8243; header_2_font_size=&#8220;100px&#8220; header_2_font_size_tablet=&#8220;&#8220; header_2_font_size_phone=&#8220;64px&#8220; header_2_font_size_last_edited=&#8220;on|phone&#8220;]<\/p>\n<h2 style=\"text-align: center;\">J<\/h2>\n<p>[\/et_pb_text][et_pb_image src=&#8220;https:\/\/jj-sisters.at\/wp-content\/uploads\/2020\/11\/Janette_000.jpg&#8220; alt=&#8220;JJ-Sisters&#8220; title_text=&#8220;JJ-Sisters&#8220; _builder_version=&#8220;4.6.6&#8243; _module_preset=&#8220;default&#8220; animation_style=&#8220;fold&#8220; border_width_all=&#8220;15px&#8220; border_color_all=&#8220;#ffffff&#8220; border_width_all_tablet=&#8220;&#8220; border_width_all_phone=&#8220;12px&#8220; border_width_all_last_edited=&#8220;on|phone&#8220; box_shadow_style=&#8220;preset2&#8243; box_shadow_horizontal=&#8220;10px&#8220; box_shadow_vertical=&#8220;10px&#8220; box_shadow_blur=&#8220;20px&#8220;][\/et_pb_image][et_pb_text _builder_version=&#8220;4.6.6&#8243; _module_preset=&#8220;default&#8220; text_font=&#8220;Montserrat||||||||&#8220; text_text_color=&#8220;#191923&#8243; text_font_size=&#8220;18px&#8220; text_line_height=&#8220;1.5em&#8220; text_font_size_tablet=&#8220;&#8220; text_font_size_phone=&#8220;16px&#8220; text_font_size_last_edited=&#8220;on|phone&#8220;]<\/p>\n<p class=\"p1\" style=\"text-align: center;\">Jeanette<\/p>\n<p class=\"p1\">[\/et_pb_text][\/et_pb_column][\/et_pb_row][et_pb_row _builder_version=&#8220;4.6.6&#8243; _module_preset=&#8220;default&#8220;][et_pb_column type=&#8220;4_4&#8243; _builder_version=&#8220;4.6.6&#8243; _module_preset=&#8220;default&#8220;][et_pb_text _builder_version=&#8220;4.6.6&#8243; _module_preset=&#8220;default&#8220; text_font=&#8220;Montserrat||||||||&#8220; text_text_color=&#8220;#191923&#8243; text_font_size=&#8220;18px&#8220; text_line_height=&#8220;1.5em&#8220; text_font_size_tablet=&#8220;&#8220; text_font_size_phone=&#8220;16px&#8220; text_font_size_last_edited=&#8220;on|phone&#8220;]<\/p>\n<p class=\"p1\" style=\"text-align: center;\">Wir starteten mit einem einzigartigen\u00a0 Studio in St.Veit, 2019 haben wir eine weitere Filiale in Maria Saal er\u00f6ffnet, wo zwei top Stylistinnen f\u00fcr und mit uns arbeiten. St\u00e4ndige Weiterbildungen sind unser oberstes Gebot um am Ball zu bleiben.<\/p>\n<p class=\"p1\">[\/et_pb_text][\/et_pb_column][\/et_pb_row][et_pb_row _builder_version=&#8220;4.6.6&#8243; _module_preset=&#8220;default&#8220;][et_pb_column type=&#8220;4_4&#8243; _builder_version=&#8220;4.6.6&#8243; _module_preset=&#8220;default&#8220;][et_pb_image src=&#8220;https:\/\/jj-sisters.at\/wp-content\/uploads\/2024\/01\/Kerstin_000.jpg&#8220; alt=&#8220;JJ-Sisters&#8220; title_text=&#8220;Kerstin_000&#8243; _builder_version=&#8220;4.6.6&#8243; _module_preset=&#8220;default&#8220; animation_style=&#8220;fold&#8220; hover_enabled=&#8220;0&#8243; border_width_all=&#8220;15px&#8220; border_color_all=&#8220;#ffffff&#8220; border_width_all_tablet=&#8220;&#8220; border_width_all_phone=&#8220;12px&#8220; border_width_all_last_edited=&#8220;on|phone&#8220; box_shadow_style=&#8220;preset2&#8243; box_shadow_horizontal=&#8220;10px&#8220; box_shadow_vertical=&#8220;10px&#8220; box_shadow_blur=&#8220;20px&#8220; locked=&#8220;off&#8220; align=&#8220;center&#8220; sticky_enabled=&#8220;0&#8243;][\/et_pb_image][et_pb_text _builder_version=&#8220;4.6.6&#8243; _module_preset=&#8220;default&#8220; text_font=&#8220;Montserrat||||||||&#8220; text_text_color=&#8220;#191923&#8243; text_font_size=&#8220;18px&#8220; text_line_height=&#8220;1.5em&#8220; text_font_size_tablet=&#8220;&#8220; text_font_size_phone=&#8220;16px&#8220; text_font_size_last_edited=&#8220;on|phone&#8220;]<\/p>\n<p class=\"p1\" style=\"text-align: center;\">Kerstin<\/p>\n<p class=\"p1\">[\/et_pb_text][\/et_pb_column][\/et_pb_row][\/et_pb_section][et_pb_section fb_built=&#8220;1&#8243; admin_label=&#8220;Features&#8220; _builder_version=&#8220;3.22&#8243; custom_padding=&#8220;0px|0px|0px|0px&#8220;][et_pb_row column_structure=&#8220;1_2,1_2&#8243; use_custom_gutter=&#8220;on&#8220; gutter_width=&#8220;1&#8243; make_equal=&#8220;on&#8220; admin_label=&#8220;CTA Row&#8220; module_class=&#8220; et_pb_row_fullwidth&#8220; _builder_version=&#8220;4.6.6&#8243; width=&#8220;100%&#8220; width_tablet=&#8220;100%&#8220; width_phone=&#8220;&#8220; width_last_edited=&#8220;on|desktop&#8220; max_width=&#8220;100%&#8220; max_width_tablet=&#8220;100%&#8220; max_width_phone=&#8220;&#8220; max_width_last_edited=&#8220;on|desktop&#8220; custom_padding=&#8220;0px|0px|0px|0px&#8220; make_fullwidth=&#8220;on&#8220;][et_pb_column type=&#8220;1_2&#8243; _builder_version=&#8220;4.6.6&#8243; background_image=&#8220;https:\/\/jj-sisters.at\/wp-content\/uploads\/2020\/11\/Braut.jpg&#8220; custom_padding=&#8220;|||&#8220; custom_padding__hover=&#8220;|||&#8220;][et_pb_divider show_divider=&#8220;off&#8220; _builder_version=&#8220;3.2&#8243; height=&#8220;400px&#8220; locked=&#8220;off&#8220;][\/et_pb_divider][\/et_pb_column][et_pb_column type=&#8220;1_2&#8243; _builder_version=&#8220;4.6.6&#8243; background_color=&#8220;#191923&#8243; custom_padding=&#8220;|||&#8220; custom_padding__hover=&#8220;|||&#8220;][et_pb_cta title=&#8220;Brautstyling&#8220; button_url=&#8220;#top&#8220; _builder_version=&#8220;4.6.6&#8243; header_font=&#8220;Yeseva One||||||||&#8220; header_text_color=&#8220;#ffffff&#8220; header_font_size=&#8220;45px&#8220; header_line_height=&#8220;1.4em&#8220; body_font=&#8220;Montserrat|500|||||||&#8220; body_text_color=&#8220;rgba(255,255,255,0.5)&#8220; body_font_size=&#8220;16px&#8220; body_line_height=&#8220;1.9em&#8220; use_background_color=&#8220;off&#8220; custom_button=&#8220;on&#8220; button_text_size=&#8220;16px&#8220; button_text_color=&#8220;#ffffff&#8220; button_bg_color=&#8220;#2f3854&#8243; button_border_width=&#8220;10px&#8220; button_border_color=&#8220;rgba(47,56,84,0)&#8220; button_border_radius=&#8220;60px&#8220; button_letter_spacing=&#8220;1px&#8220; button_font=&#8220;Montserrat|700||on|||||&#8220; button_use_icon=&#8220;off&#8220; button_alignment=&#8220;left&#8220; text_orientation=&#8220;left&#8220; max_width=&#8220;580px&#8220; max_width_tablet=&#8220;&#8220; max_width_phone=&#8220;&#8220; max_width_last_edited=&#8220;on|desktop&#8220; module_alignment=&#8220;left&#8220; custom_margin=&#8220;|||&#8220; custom_padding=&#8220;100px|60px|100px|60px&#8220; button_text_color_hover=&#8220;#2f3854&#8243; button_border_radius_hover=&#8220;66px&#8220; button_letter_spacing_hover=&#8220;1px&#8220; button_bg_color_hover=&#8220;#ffffff&#8220; button_text_size__hover_enabled=&#8220;off&#8220; button_one_text_size__hover_enabled=&#8220;off&#8220; button_two_text_size__hover_enabled=&#8220;off&#8220; button_text_color__hover_enabled=&#8220;on&#8220; button_text_color__hover=&#8220;#2f3854&#8243; button_one_text_color__hover_enabled=&#8220;off&#8220; button_two_text_color__hover_enabled=&#8220;off&#8220; button_border_width__hover_enabled=&#8220;off&#8220; button_one_border_width__hover_enabled=&#8220;off&#8220; button_two_border_width__hover_enabled=&#8220;off&#8220; button_border_color__hover_enabled=&#8220;off&#8220; button_one_border_color__hover_enabled=&#8220;off&#8220; button_two_border_color__hover_enabled=&#8220;off&#8220; button_border_radius__hover_enabled=&#8220;on&#8220; button_border_radius__hover=&#8220;66px&#8220; button_one_border_radius__hover_enabled=&#8220;off&#8220; button_two_border_radius__hover_enabled=&#8220;off&#8220; button_letter_spacing__hover_enabled=&#8220;on&#8220; button_letter_spacing__hover=&#8220;1px&#8220; button_one_letter_spacing__hover_enabled=&#8220;off&#8220; button_two_letter_spacing__hover_enabled=&#8220;off&#8220; button_bg_color__hover_enabled=&#8220;on&#8220; button_bg_color__hover=&#8220;#ffffff&#8220; button_one_bg_color__hover_enabled=&#8220;off&#8220; button_two_bg_color__hover_enabled=&#8220;off&#8220;]<\/p>\n<p class=\"p1\">Spezialisiert haben wir uns besonders auf Brautstyling und bieten auf Wunsch auch Homestyling an.<\/p>\n<p>[\/et_pb_cta][\/et_pb_column][\/et_pb_row][et_pb_row column_structure=&#8220;1_5,3_5,1_5&#8243; _builder_version=&#8220;4.6.6&#8243; _module_preset=&#8220;default&#8220;][et_pb_column type=&#8220;1_5&#8243; _builder_version=&#8220;4.6.6&#8243; _module_preset=&#8220;default&#8220;][\/et_pb_column][et_pb_column type=&#8220;3_5&#8243; _builder_version=&#8220;4.6.6&#8243; _module_preset=&#8220;default&#8220;][et_pb_image src=&#8220;https:\/\/jj-sisters.at\/wp-content\/uploads\/2020\/11\/Haarewaschen.jpg&#8220; alt=&#8220;JJ-Sisters&#8220; title_text=&#8220;JJ-Sisters&#8220; _builder_version=&#8220;4.6.6&#8243; _module_preset=&#8220;default&#8220; animation_style=&#8220;fold&#8220; box_shadow_style=&#8220;preset4&#8243; box_shadow_color=&#8220;#d62246&#8243;][\/et_pb_image][\/et_pb_column][et_pb_column type=&#8220;1_5&#8243; _builder_version=&#8220;4.6.6&#8243; _module_preset=&#8220;default&#8220;][\/et_pb_column][\/et_pb_row][\/et_pb_section][et_pb_section fb_built=&#8220;1&#8243; admin_label=&#8220;Products&#8220; _builder_version=&#8220;3.22&#8243;][et_pb_row admin_label=&#8220;Products&#8220; _builder_version=&#8220;3.25&#8243;][et_pb_column type=&#8220;4_4&#8243; _builder_version=&#8220;3.25&#8243; custom_padding=&#8220;|||&#8220; custom_padding__hover=&#8220;|||&#8220;][et_pb_text _builder_version=&#8220;4.6.6&#8243; text_font=&#8220;Montserrat|500|||||||&#8220; text_text_color=&#8220;rgba(47,56,84,0.5)&#8220; text_font_size=&#8220;16px&#8220; text_line_height=&#8220;1.9em&#8220; header_font=&#8220;Yeseva One||||||||&#8220; header_text_color=&#8220;#191923&#8243; header_font_size=&#8220;36px&#8220; header_line_height=&#8220;1.3em&#8220; header_2_font=&#8220;Yeseva One||||||||&#8220; header_2_font_size=&#8220;50px&#8220; header_2_line_height=&#8220;1.4em&#8220; text_orientation=&#8220;center&#8220; max_width=&#8220;700px&#8220; module_alignment=&#8220;center&#8220; header_font_size_tablet=&#8220;30px&#8220; header_font_size_phone=&#8220;24px&#8220; header_font_size_last_edited=&#8220;on|phone&#8220;]<\/p>\n<h1 class=\"p1\">Uns ist es wichtig, dass sich unsere KundenInnen schon beim ersten Besuch wie zu Hause f\u00fchlen!<\/h1>\n<p>&nbsp;<\/p>\n<p>[\/et_pb_text][\/et_pb_column][\/et_pb_row][\/et_pb_section]<\/p>\n","protected":false},"excerpt":{"rendered":"<p>[et_pb_section fb_built=&#8220;1&#8243; admin_label=&#8220;Hero&#8220; _builder_version=&#8220;4.6.6&#8243; background_image=&#8220;https:\/\/jj-sisters.at\/wp-content\/uploads\/2020\/11\/Hero_BW.jpg&#8220; custom_padding=&#8220;50vw||0vw|||&#8220;][\/et_pb_section][et_pb_section fb_built=&#8220;1&#8243; _builder_version=&#8220;4.6.6&#8243; _module_preset=&#8220;default&#8220; custom_padding=&#8220;0px|||||&#8220;][et_pb_row _builder_version=&#8220;4.6.6&#8243; _module_preset=&#8220;default&#8220;][et_pb_column type=&#8220;4_4&#8243; _builder_version=&#8220;4.6.6&#8243; _module_preset=&#8220;default&#8220;][et_pb_text _builder_version=&#8220;4.6.6&#8243; _module_preset=&#8220;default&#8220; header_2_text_color=&#8220;#d62246&#8243; header_2_font_size=&#8220;100px&#8220; animation_style=&#8220;zoom&#8220; header_2_font_size_tablet=&#8220;&#8220; header_2_font_size_phone=&#8220;64px&#8220; header_2_font_size_last_edited=&#8220;on|phone&#8220;] JJ-Sister&#8217;s [\/et_pb_text][et_pb_text _builder_version=&#8220;4.6.6&#8243; _module_preset=&#8220;default&#8220; header_font=&#8220;Yeseva One||||||||&#8220; header_text_color=&#8220;#191923&#8243; header_font_size=&#8220;64px&#8220; header_line_height=&#8220;1.3em&#8220; header_font_size_tablet=&#8220;&#8220; header_font_size_phone=&#8220;46px&#8220; header_font_size_last_edited=&#8220;on|phone&#8220; header_line_height_tablet=&#8220;1.4em&#8220; header_line_height_phone=&#8220;&#8220; header_line_height_last_edited=&#8220;on|tablet&#8220;] Hairstyling &amp; Makeup [\/et_pb_text][et_pb_text _builder_version=&#8220;4.6.6&#8243; _module_preset=&#8220;default&#8220; text_font=&#8220;Montserrat||||||||&#8220; text_text_color=&#8220;#191923&#8243; text_font_size=&#8220;18px&#8220; text_line_height=&#8220;1.5em&#8220; text_font_size_tablet=&#8220;&#8220; text_font_size_phone=&#8220;16px&#8220; text_font_size_last_edited=&#8220;on|phone&#8220;] JJ-Sister&#8217;s ist ein geniales [&hellip;]<\/p>\n","protected":false},"author":1,"featured_media":0,"parent":0,"menu_order":0,"comment_status":"closed","ping_status":"closed","template":"","meta":{"_et_pb_use_builder":"on","_et_pb_old_content":"","_et_gb_content_width":""},"yoast_head":"<!-- This site is optimized with the Yoast SEO plugin v15.2.1 - https:\/\/yoast.com\/wordpress\/plugins\/seo\/ -->\n<title>JJ-Sisters - Hairstyling &amp; Make St. Veit und Maria Saal<\/title>\n<meta name=\"description\" content=\"JJ-Sisters, der Kultfris\u00f6rsalon in St. Veit und Maria Saal. Hairstyling, Makeup &amp; Brautstyling vom aller Feinsten.\" \/>\n<meta name=\"robots\" content=\"index, follow, max-snippet:-1, max-image-preview:large, max-video-preview:-1\" \/>\n<link rel=\"canonical\" href=\"https:\/\/jj-sisters.at\/\" \/>\n<meta property=\"og:locale\" content=\"de_DE\" \/>\n<meta property=\"og:type\" content=\"article\" \/>\n<meta property=\"og:title\" content=\"JJ-Sisters - Hairstyling &amp; Make St. Veit und Maria Saal\" \/>\n<meta property=\"og:description\" content=\"JJ-Sisters, der Kultfris\u00f6rsalon in St. Veit und Maria Saal. Hairstyling, Makeup &amp; Brautstyling vom aller Feinsten.\" \/>\n<meta property=\"og:url\" content=\"https:\/\/jj-sisters.at\/\" \/>\n<meta property=\"og:site_name\" content=\"JJ Sisters\" \/>\n<meta property=\"article:publisher\" content=\"https:\/\/www.facebook.com\/JJSistershairandmakeup\/\" \/>\n<meta property=\"article:modified_time\" content=\"2024-01-16T20:26:44+00:00\" \/>\n<meta name=\"twitter:card\" content=\"summary_large_image\" \/>\n<meta name=\"twitter:label1\" content=\"Written by\">\n\t<meta name=\"twitter:data1\" content=\"JJS\">\n\t<meta name=\"twitter:label2\" content=\"Est. reading time\">\n\t<meta name=\"twitter:data2\" content=\"6\u00a0Minuten\">\n<script type=\"application\/ld+json\" class=\"yoast-schema-graph\">{\"@context\":\"https:\/\/schema.org\",\"@graph\":[{\"@type\":\"Organization\",\"@id\":\"https:\/\/jj-sisters.at\/#organization\",\"name\":\"JJ-Sister's\",\"url\":\"https:\/\/jj-sisters.at\/\",\"sameAs\":[\"https:\/\/www.facebook.com\/JJSistershairandmakeup\/\"],\"logo\":{\"@type\":\"ImageObject\",\"@id\":\"https:\/\/jj-sisters.at\/#logo\",\"inLanguage\":\"de\",\"url\":\"https:\/\/jj-sisters.at\/wp-content\/uploads\/2020\/11\/W_Logo_JJ-1.png\",\"width\":700,\"height\":133,\"caption\":\"JJ-Sister's\"},\"image\":{\"@id\":\"https:\/\/jj-sisters.at\/#logo\"}},{\"@type\":\"WebSite\",\"@id\":\"https:\/\/jj-sisters.at\/#website\",\"url\":\"https:\/\/jj-sisters.at\/\",\"name\":\"JJ Sisters\",\"description\":\"Hairstyling und Makeup\",\"publisher\":{\"@id\":\"https:\/\/jj-sisters.at\/#organization\"},\"potentialAction\":[{\"@type\":\"SearchAction\",\"target\":\"https:\/\/jj-sisters.at\/?s={search_term_string}\",\"query-input\":\"required name=search_term_string\"}],\"inLanguage\":\"de\"},{\"@type\":\"WebPage\",\"@id\":\"https:\/\/jj-sisters.at\/#webpage\",\"url\":\"https:\/\/jj-sisters.at\/\",\"name\":\"JJ-Sisters - Hairstyling & Make St. Veit und Maria Saal\",\"isPartOf\":{\"@id\":\"https:\/\/jj-sisters.at\/#website\"},\"datePublished\":\"2020-11-11T13:04:08+00:00\",\"dateModified\":\"2024-01-16T20:26:44+00:00\",\"description\":\"JJ-Sisters, der Kultfris\\u00f6rsalon in St. Veit und Maria Saal. Hairstyling, Makeup & Brautstyling vom aller Feinsten.\",\"inLanguage\":\"de\",\"potentialAction\":[{\"@type\":\"ReadAction\",\"target\":[\"https:\/\/jj-sisters.at\/\"]}]}]}<\/script>\n<!-- \/ Yoast SEO plugin. -->","_links":{"self":[{"href":"https:\/\/jj-sisters.at\/index.php\/wp-json\/wp\/v2\/pages\/9"}],"collection":[{"href":"https:\/\/jj-sisters.at\/index.php\/wp-json\/wp\/v2\/pages"}],"about":[{"href":"https:\/\/jj-sisters.at\/index.php\/wp-json\/wp\/v2\/types\/page"}],"author":[{"embeddable":true,"href":"https:\/\/jj-sisters.at\/index.php\/wp-json\/wp\/v2\/users\/1"}],"replies":[{"embeddable":true,"href":"https:\/\/jj-sisters.at\/index.php\/wp-json\/wp\/v2\/comments?post=9"}],"version-history":[{"count":31,"href":"https:\/\/jj-sisters.at\/index.php\/wp-json\/wp\/v2\/pages\/9\/revisions"}],"predecessor-version":[{"id":168,"href":"https:\/\/jj-sisters.at\/index.php\/wp-json\/wp\/v2\/pages\/9\/revisions\/168"}],"wp:attachment":[{"href":"https:\/\/jj-sisters.at\/index.php\/wp-json\/wp\/v2\/media?parent=9"}],"curies":[{"name":"wp","href":"https:\/\/api.w.org\/{rel}","templated":true}]}}