{"id":109,"date":"2020-11-12T11:41:53","date_gmt":"2020-11-12T10:41:53","guid":{"rendered":"https:\/\/jj-sisters.at\/?page_id=109"},"modified":"2025-05-30T09:39:47","modified_gmt":"2025-05-30T07:39:47","slug":"maria-saal","status":"publish","type":"page","link":"https:\/\/jj-sisters.at\/index.php\/maria-saal\/","title":{"rendered":"Maria Saal"},"content":{"rendered":"<p>[et_pb_section fb_built=&#8220;1&#8243; _builder_version=&#8220;4.6.6&#8243; _module_preset=&#8220;default&#8220; custom_padding=&#8220;0px|||||&#8220;][et_pb_row _builder_version=&#8220;4.6.6&#8243; _module_preset=&#8220;default&#8220;][et_pb_column type=&#8220;4_4&#8243; _builder_version=&#8220;4.6.6&#8243; _module_preset=&#8220;default&#8220;][et_pb_text _builder_version=&#8220;4.6.6&#8243; _module_preset=&#8220;default&#8220; header_2_text_color=&#8220;#d62246&#8243; header_2_font_size=&#8220;100px&#8220; animation_style=&#8220;zoom&#8220; header_2_font_size_tablet=&#8220;&#8220; header_2_font_size_phone=&#8220;64px&#8220; header_2_font_size_last_edited=&#8220;on|phone&#8220;]<\/p>\n<h2 style=\"text-align: center;\">Maria Saal<\/h2>\n<p>[\/et_pb_text][et_pb_text _builder_version=&#8220;4.6.6&#8243; _module_preset=&#8220;default&#8220; header_font=&#8220;Yeseva One||||||||&#8220; header_text_color=&#8220;#191923&#8243; header_font_size=&#8220;64px&#8220; header_line_height=&#8220;1.3em&#8220; header_font_size_tablet=&#8220;40px&#8220; header_font_size_phone=&#8220;36px&#8220; header_font_size_last_edited=&#8220;on|phone&#8220; header_line_height_tablet=&#8220;1.2em&#8220; header_line_height_phone=&#8220;1.3em&#8220; header_line_height_last_edited=&#8220;on|tablet&#8220;]<\/p>\n<h1 jstcache=\"427\" class=\"section-subheader-header GLOBAL__gm2-subtitle-alt-1\" jsan=\"7.section-subheader-header,7.GLOBAL__gm2-subtitle-alt-1\" style=\"text-align: center;\">Maria Saaler Bergweg 8<\/h1>\n<p>[\/et_pb_text][et_pb_text _builder_version=&#8220;4.6.6&#8243; _module_preset=&#8220;default&#8220; text_font=&#8220;Montserrat||||||||&#8220; text_text_color=&#8220;#191923&#8243; text_font_size=&#8220;18px&#8220; text_line_height=&#8220;1.5em&#8220; hover_enabled=&#8220;0&#8243; text_font_size_tablet=&#8220;&#8220; text_font_size_phone=&#8220;16px&#8220; text_font_size_last_edited=&#8220;on|phone&#8220; sticky_enabled=&#8220;0&#8243;]<\/p>\n<p style=\"text-align: center;\"><a href=\"tel:+436802307003\">Telefon: +43 680 \/ 230 7 003<\/a><\/p>\n<p>[\/et_pb_text][et_pb_text _builder_version=&#8220;4.6.6&#8243; _module_preset=&#8220;default&#8220; text_font=&#8220;Montserrat||||||||&#8220; text_text_color=&#8220;#191923&#8243; text_font_size=&#8220;18px&#8220; text_line_height=&#8220;2em&#8220; header_font=&#8220;Yeseva One||||||||&#8220; text_font_size_tablet=&#8220;&#8220; text_font_size_phone=&#8220;16px&#8220; text_font_size_last_edited=&#8220;on|phone&#8220;]<\/p>\n<div class=\"dhix69tm sjgh65i0 wkznzc2l tr9rh885 i1fnvgqd j83agx80\">\n<h1 style=\"text-align: center;\"><span class=\"d2edcug0 hpfvmrgz qv66sw1b c1et5uql oi732d6d ik7dh3pa fgxwclzu a8c37x1j keod5gw0 nxhoafnm aigsh9s9 d9wwppkn fe6kdd0r mau55g9w c8b282yb mdeji52x e9vueds3 j5wam9gi knj5qynh oo9gr5id\" dir=\"auto\">\u00d6ffnungszeiten:<\/span><\/h1>\n<div class=\"ozuftl9m\" style=\"text-align: center;\"><span class=\"d2edcug0 hpfvmrgz qv66sw1b c1et5uql oi732d6d ik7dh3pa fgxwclzu a8c37x1j keod5gw0 nxhoafnm aigsh9s9 d9wwppkn fe6kdd0r mau55g9w c8b282yb mdeji52x e9vueds3 j5wam9gi knj5qynh oo9gr5id\" dir=\"auto\">Montag: <span style=\"color: #d62246;\">GESCHLOSSEN<\/span><\/span><\/div>\n<\/div>\n<div class=\"dhix69tm sjgh65i0 wkznzc2l tr9rh885 i1fnvgqd j83agx80\" style=\"text-align: center;\"><span class=\"d2edcug0 hpfvmrgz qv66sw1b c1et5uql oi732d6d ik7dh3pa fgxwclzu a8c37x1j keod5gw0 nxhoafnm aigsh9s9 d9wwppkn fe6kdd0r mau55g9w c8b282yb mdeji52x e9vueds3 j5wam9gi knj5qynh oo9gr5id\" dir=\"auto\">Dienstag:\u00a0<\/span>08:00 bis 12:30 &#8211; 13:30 &#8211; 18:00<\/div>\n<div class=\"dhix69tm sjgh65i0 wkznzc2l tr9rh885 i1fnvgqd j83agx80\" style=\"text-align: center;\"><span class=\"d2edcug0 hpfvmrgz qv66sw1b c1et5uql oi732d6d ik7dh3pa fgxwclzu a8c37x1j keod5gw0 nxhoafnm aigsh9s9 d9wwppkn fe6kdd0r mau55g9w c8b282yb mdeji52x e9vueds3 j5wam9gi knj5qynh oo9gr5id\" dir=\"auto\">Mittwoch:\u00a0<\/span>08:00 &#8211; 12:00<\/div>\n<div class=\"dhix69tm sjgh65i0 wkznzc2l tr9rh885 i1fnvgqd j83agx80\" style=\"text-align: center;\"><span class=\"d2edcug0 hpfvmrgz qv66sw1b c1et5uql oi732d6d ik7dh3pa fgxwclzu a8c37x1j keod5gw0 nxhoafnm aigsh9s9 d9wwppkn fe6kdd0r mau55g9w c8b282yb mdeji52x e9vueds3 j5wam9gi knj5qynh oo9gr5id\" dir=\"auto\">Donnerstag: 08:00 bis 12:30 &#8211; 13:30 &#8211; 18:00<\/span><\/div>\n<div class=\"dhix69tm sjgh65i0 wkznzc2l tr9rh885 i1fnvgqd j83agx80\" style=\"text-align: center;\"><span class=\"d2edcug0 hpfvmrgz qv66sw1b c1et5uql oi732d6d ik7dh3pa fgxwclzu a8c37x1j keod5gw0 nxhoafnm aigsh9s9 d9wwppkn fe6kdd0r mau55g9w c8b282yb mdeji52x e9vueds3 j5wam9gi knj5qynh oo9gr5id\" dir=\"auto\">Freitag: 08:00 bis 12:30 &#8211; 13:30 &#8211; 18:00<\/span><\/div>\n<div class=\"dhix69tm sjgh65i0 wkznzc2l tr9rh885 i1fnvgqd j83agx80\" style=\"text-align: center;\"><span class=\"d2edcug0 hpfvmrgz qv66sw1b c1et5uql oi732d6d ik7dh3pa fgxwclzu a8c37x1j keod5gw0 nxhoafnm aigsh9s9 d9wwppkn fe6kdd0r mau55g9w c8b282yb mdeji52x e9vueds3 j5wam9gi knj5qynh oo9gr5id\" dir=\"auto\">Samstag:\u00a0<\/span>08:00 &#8211; 12:00<\/div>\n<div class=\"dhix69tm sjgh65i0 wkznzc2l tr9rh885 i1fnvgqd j83agx80\" style=\"text-align: center;\"><span class=\"d2edcug0 hpfvmrgz qv66sw1b c1et5uql oi732d6d ik7dh3pa fgxwclzu a8c37x1j keod5gw0 nxhoafnm aigsh9s9 d9wwppkn fe6kdd0r mau55g9w c8b282yb mdeji52x e9vueds3 j5wam9gi knj5qynh oo9gr5id\" dir=\"auto\">Sonntag:\u00a0<\/span><span style=\"color: #d62246;\">GESCHLOSSEN<\/span><\/div>\n<p>[\/et_pb_text][et_pb_text _builder_version=&#8220;4.6.6&#8243; _module_preset=&#8220;default&#8220; header_font=&#8220;Yeseva One||||||||&#8220; header_text_color=&#8220;#191923&#8243; header_font_size=&#8220;64px&#8220; header_line_height=&#8220;1.3em&#8220; header_font_size_tablet=&#8220;40px&#8220; header_font_size_phone=&#8220;36px&#8220; header_font_size_last_edited=&#8220;on|phone&#8220; header_line_height_tablet=&#8220;1.2em&#8220; header_line_height_phone=&#8220;1.3em&#8220; header_line_height_last_edited=&#8220;on|tablet&#8220;]<\/p>\n<h1 jstcache=\"427\" class=\"section-subheader-header GLOBAL__gm2-subtitle-alt-1\" jsan=\"7.section-subheader-header,7.GLOBAL__gm2-subtitle-alt-1\" style=\"text-align: center;\">Team<\/h1>\n<p>[\/et_pb_text][\/et_pb_column][\/et_pb_row][et_pb_row column_structure=&#8220;1_3,1_3,1_3&#8243; _builder_version=&#8220;4.6.6&#8243; _module_preset=&#8220;default&#8220;][et_pb_column type=&#8220;1_3&#8243; _builder_version=&#8220;4.6.6&#8243; _module_preset=&#8220;default&#8220;][et_pb_image src=&#8220;https:\/\/jj-sisters.at\/wp-content\/uploads\/2020\/11\/MS_3.jpg&#8220; alt=&#8220;JJ-Sisters&#8220; title_text=&#8220;JJ-Sisters&#8220; _builder_version=&#8220;4.6.6&#8243; _module_preset=&#8220;default&#8220; border_width_all=&#8220;15px&#8220; border_color_all=&#8220;#ffffff&#8220; border_width_all_tablet=&#8220;&#8220; border_width_all_phone=&#8220;12px&#8220; border_width_all_last_edited=&#8220;on|phone&#8220; box_shadow_style=&#8220;preset2&#8243; box_shadow_horizontal=&#8220;10px&#8220; box_shadow_vertical=&#8220;10px&#8220; box_shadow_blur=&#8220;20px&#8220;][\/et_pb_image][et_pb_text _builder_version=&#8220;4.6.6&#8243; _module_preset=&#8220;default&#8220; text_font=&#8220;Montserrat||||||||&#8220; text_text_color=&#8220;#191923&#8243; text_font_size=&#8220;18px&#8220; text_line_height=&#8220;2em&#8220; header_font=&#8220;Yeseva One||||||||&#8220; text_font_size_tablet=&#8220;&#8220; text_font_size_phone=&#8220;16px&#8220; text_font_size_last_edited=&#8220;on|phone&#8220;]<\/p>\n<div class=\"dhix69tm sjgh65i0 wkznzc2l tr9rh885 i1fnvgqd j83agx80\">\n<div class=\"ozuftl9m\" style=\"text-align: center;\"><span class=\"d2edcug0 hpfvmrgz qv66sw1b c1et5uql oi732d6d ik7dh3pa fgxwclzu a8c37x1j keod5gw0 nxhoafnm aigsh9s9 d9wwppkn fe6kdd0r mau55g9w c8b282yb mdeji52x e9vueds3 j5wam9gi knj5qynh oo9gr5id\" dir=\"auto\">Jasmin<span style=\"color: #d62246;\"><\/span><\/span><\/div>\n<\/div>\n<p>[\/et_pb_text][\/et_pb_column][et_pb_column type=&#8220;1_3&#8243; _builder_version=&#8220;4.6.6&#8243; _module_preset=&#8220;default&#8220;][et_pb_image src=&#8220;https:\/\/jj-sisters.at\/wp-content\/uploads\/2020\/11\/MS_2.jpg&#8220; alt=&#8220;JJ-Sisters&#8220; title_text=&#8220;JJ-Sisters&#8220; _builder_version=&#8220;4.6.6&#8243; _module_preset=&#8220;default&#8220; border_width_all=&#8220;15px&#8220; border_color_all=&#8220;#ffffff&#8220; border_width_all_tablet=&#8220;&#8220; border_width_all_phone=&#8220;12px&#8220; border_width_all_last_edited=&#8220;on|phone&#8220; box_shadow_style=&#8220;preset2&#8243; box_shadow_horizontal=&#8220;10px&#8220; box_shadow_vertical=&#8220;10px&#8220; box_shadow_blur=&#8220;20px&#8220;][\/et_pb_image][et_pb_text _builder_version=&#8220;4.6.6&#8243; _module_preset=&#8220;default&#8220; text_font=&#8220;Montserrat||||||||&#8220; text_text_color=&#8220;#191923&#8243; text_font_size=&#8220;18px&#8220; text_line_height=&#8220;2em&#8220; header_font=&#8220;Yeseva One||||||||&#8220; text_font_size_tablet=&#8220;&#8220; text_font_size_phone=&#8220;16px&#8220; text_font_size_last_edited=&#8220;on|phone&#8220;]<\/p>\n<div class=\"dhix69tm sjgh65i0 wkznzc2l tr9rh885 i1fnvgqd j83agx80\">\n<div class=\"ozuftl9m\" style=\"text-align: center;\"><span class=\"d2edcug0 hpfvmrgz qv66sw1b c1et5uql oi732d6d ik7dh3pa fgxwclzu a8c37x1j keod5gw0 nxhoafnm aigsh9s9 d9wwppkn fe6kdd0r mau55g9w c8b282yb mdeji52x e9vueds3 j5wam9gi knj5qynh oo9gr5id\" dir=\"auto\">Kerstin<span style=\"color: #d62246;\"><\/span><\/span><\/div>\n<\/div>\n<p>[\/et_pb_text][\/et_pb_column][et_pb_column type=&#8220;1_3&#8243; _builder_version=&#8220;4.6.6&#8243; _module_preset=&#8220;default&#8220;][et_pb_image src=&#8220;https:\/\/jj-sisters.at\/wp-content\/uploads\/2024\/01\/Jeanette.jpg&#8220; alt=&#8220;JJ-Sisters&#8220; title_text=&#8220;Jeanette&#8220; _builder_version=&#8220;4.6.6&#8243; _module_preset=&#8220;default&#8220; border_width_all=&#8220;15px&#8220; border_color_all=&#8220;#ffffff&#8220; border_width_all_tablet=&#8220;&#8220; border_width_all_phone=&#8220;12px&#8220; border_width_all_last_edited=&#8220;on|phone&#8220; box_shadow_style=&#8220;preset2&#8243; box_shadow_horizontal=&#8220;10px&#8220; box_shadow_vertical=&#8220;10px&#8220; box_shadow_blur=&#8220;20px&#8220;][\/et_pb_image][et_pb_text _builder_version=&#8220;4.6.6&#8243; _module_preset=&#8220;default&#8220; text_font=&#8220;Montserrat||||||||&#8220; text_text_color=&#8220;#191923&#8243; text_font_size=&#8220;18px&#8220; text_line_height=&#8220;2em&#8220; header_font=&#8220;Yeseva One||||||||&#8220; text_font_size_tablet=&#8220;&#8220; text_font_size_phone=&#8220;16px&#8220; text_font_size_last_edited=&#8220;on|phone&#8220;]<\/p>\n<div class=\"dhix69tm sjgh65i0 wkznzc2l tr9rh885 i1fnvgqd j83agx80\">\n<div class=\"ozuftl9m\" style=\"text-align: center;\"><span class=\"d2edcug0 hpfvmrgz qv66sw1b c1et5uql oi732d6d ik7dh3pa fgxwclzu a8c37x1j keod5gw0 nxhoafnm aigsh9s9 d9wwppkn fe6kdd0r mau55g9w c8b282yb mdeji52x e9vueds3 j5wam9gi knj5qynh oo9gr5id\" dir=\"auto\">Jeanette<span style=\"color: #d62246;\"><\/span><\/span><\/div>\n<\/div>\n<p>[\/et_pb_text][\/et_pb_column][\/et_pb_row][\/et_pb_section]<\/p>\n","protected":false},"excerpt":{"rendered":"<p>[et_pb_section fb_built=&#8220;1&#8243; _builder_version=&#8220;4.6.6&#8243; _module_preset=&#8220;default&#8220; custom_padding=&#8220;0px|||||&#8220;][et_pb_row _builder_version=&#8220;4.6.6&#8243; _module_preset=&#8220;default&#8220;][et_pb_column type=&#8220;4_4&#8243; _builder_version=&#8220;4.6.6&#8243; _module_preset=&#8220;default&#8220;][et_pb_text _builder_version=&#8220;4.6.6&#8243; _module_preset=&#8220;default&#8220; header_2_text_color=&#8220;#d62246&#8243; header_2_font_size=&#8220;100px&#8220; animation_style=&#8220;zoom&#8220; header_2_font_size_tablet=&#8220;&#8220; header_2_font_size_phone=&#8220;64px&#8220; header_2_font_size_last_edited=&#8220;on|phone&#8220;] Maria Saal [\/et_pb_text][et_pb_text _builder_version=&#8220;4.6.6&#8243; _module_preset=&#8220;default&#8220; header_font=&#8220;Yeseva One||||||||&#8220; header_text_color=&#8220;#191923&#8243; header_font_size=&#8220;64px&#8220; header_line_height=&#8220;1.3em&#8220; header_font_size_tablet=&#8220;40px&#8220; header_font_size_phone=&#8220;36px&#8220; header_font_size_last_edited=&#8220;on|phone&#8220; header_line_height_tablet=&#8220;1.2em&#8220; header_line_height_phone=&#8220;1.3em&#8220; header_line_height_last_edited=&#8220;on|tablet&#8220;] Maria Saaler Bergweg 8 [\/et_pb_text][et_pb_text _builder_version=&#8220;4.6.6&#8243; _module_preset=&#8220;default&#8220; text_font=&#8220;Montserrat||||||||&#8220; text_text_color=&#8220;#191923&#8243; text_font_size=&#8220;18px&#8220; text_line_height=&#8220;1.5em&#8220; hover_enabled=&#8220;0&#8243; text_font_size_tablet=&#8220;&#8220; text_font_size_phone=&#8220;16px&#8220; text_font_size_last_edited=&#8220;on|phone&#8220; sticky_enabled=&#8220;0&#8243;] Telefon: +43 680 \/ 230 [&hellip;]<\/p>\n","protected":false},"author":1,"featured_media":0,"parent":0,"menu_order":0,"comment_status":"closed","ping_status":"closed","template":"","meta":{"_et_pb_use_builder":"on","_et_pb_old_content":"","_et_gb_content_width":""},"yoast_head":"<!-- This site is optimized with the Yoast SEO plugin v15.2.1 - https:\/\/yoast.com\/wordpress\/plugins\/seo\/ -->\n<title>Fris\u00f6rsalaon Maria Saal - JJ-Sisters Hairstyling &amp; Makeup<\/title>\n<meta name=\"description\" content=\"JJ-Sister\u2019s ist ein Sch\u00f6nheitsunternehmen, wo Professionalit\u00e4t gro\u00df geschrieben wird. Wir bieten: Hairstyling, Makeup &amp; Brautstyling.\" \/>\n<meta name=\"robots\" content=\"index, follow, max-snippet:-1, max-image-preview:large, max-video-preview:-1\" \/>\n<link rel=\"canonical\" href=\"https:\/\/jj-sisters.at\/index.php\/maria-saal\/\" \/>\n<meta property=\"og:locale\" content=\"de_DE\" \/>\n<meta property=\"og:type\" content=\"article\" \/>\n<meta property=\"og:title\" content=\"Fris\u00f6rsalaon Maria Saal - JJ-Sisters Hairstyling &amp; Makeup\" \/>\n<meta property=\"og:description\" content=\"JJ-Sister\u2019s ist ein Sch\u00f6nheitsunternehmen, wo Professionalit\u00e4t gro\u00df geschrieben wird. Wir bieten: Hairstyling, Makeup &amp; Brautstyling.\" \/>\n<meta property=\"og:url\" content=\"https:\/\/jj-sisters.at\/index.php\/maria-saal\/\" \/>\n<meta property=\"og:site_name\" content=\"JJ Sisters\" \/>\n<meta property=\"article:publisher\" content=\"https:\/\/www.facebook.com\/JJSistershairandmakeup\/\" \/>\n<meta property=\"article:modified_time\" content=\"2025-05-30T07:39:47+00:00\" \/>\n<meta name=\"twitter:card\" content=\"summary_large_image\" \/>\n<meta name=\"twitter:label1\" content=\"Written by\">\n\t<meta name=\"twitter:data1\" content=\"JJS\">\n\t<meta name=\"twitter:label2\" content=\"Est. reading time\">\n\t<meta name=\"twitter:data2\" content=\"3\u00a0Minuten\">\n<script type=\"application\/ld+json\" class=\"yoast-schema-graph\">{\"@context\":\"https:\/\/schema.org\",\"@graph\":[{\"@type\":\"Organization\",\"@id\":\"https:\/\/jj-sisters.at\/#organization\",\"name\":\"JJ-Sister's\",\"url\":\"https:\/\/jj-sisters.at\/\",\"sameAs\":[\"https:\/\/www.facebook.com\/JJSistershairandmakeup\/\"],\"logo\":{\"@type\":\"ImageObject\",\"@id\":\"https:\/\/jj-sisters.at\/#logo\",\"inLanguage\":\"de\",\"url\":\"https:\/\/jj-sisters.at\/wp-content\/uploads\/2020\/11\/W_Logo_JJ-1.png\",\"width\":700,\"height\":133,\"caption\":\"JJ-Sister's\"},\"image\":{\"@id\":\"https:\/\/jj-sisters.at\/#logo\"}},{\"@type\":\"WebSite\",\"@id\":\"https:\/\/jj-sisters.at\/#website\",\"url\":\"https:\/\/jj-sisters.at\/\",\"name\":\"JJ Sisters\",\"description\":\"Hairstyling und Makeup\",\"publisher\":{\"@id\":\"https:\/\/jj-sisters.at\/#organization\"},\"potentialAction\":[{\"@type\":\"SearchAction\",\"target\":\"https:\/\/jj-sisters.at\/?s={search_term_string}\",\"query-input\":\"required name=search_term_string\"}],\"inLanguage\":\"de\"},{\"@type\":\"WebPage\",\"@id\":\"https:\/\/jj-sisters.at\/index.php\/maria-saal\/#webpage\",\"url\":\"https:\/\/jj-sisters.at\/index.php\/maria-saal\/\",\"name\":\"Fris\\u00f6rsalaon Maria Saal - JJ-Sisters Hairstyling & Makeup\",\"isPartOf\":{\"@id\":\"https:\/\/jj-sisters.at\/#website\"},\"datePublished\":\"2020-11-12T10:41:53+00:00\",\"dateModified\":\"2025-05-30T07:39:47+00:00\",\"description\":\"JJ-Sister\\u2019s ist ein Sch\\u00f6nheitsunternehmen, wo Professionalit\\u00e4t gro\\u00df geschrieben wird. Wir bieten: Hairstyling, Makeup & Brautstyling.\",\"inLanguage\":\"de\",\"potentialAction\":[{\"@type\":\"ReadAction\",\"target\":[\"https:\/\/jj-sisters.at\/index.php\/maria-saal\/\"]}]}]}<\/script>\n<!-- \/ Yoast SEO plugin. -->","_links":{"self":[{"href":"https:\/\/jj-sisters.at\/index.php\/wp-json\/wp\/v2\/pages\/109"}],"collection":[{"href":"https:\/\/jj-sisters.at\/index.php\/wp-json\/wp\/v2\/pages"}],"about":[{"href":"https:\/\/jj-sisters.at\/index.php\/wp-json\/wp\/v2\/types\/page"}],"author":[{"embeddable":true,"href":"https:\/\/jj-sisters.at\/index.php\/wp-json\/wp\/v2\/users\/1"}],"replies":[{"embeddable":true,"href":"https:\/\/jj-sisters.at\/index.php\/wp-json\/wp\/v2\/comments?post=109"}],"version-history":[{"count":10,"href":"https:\/\/jj-sisters.at\/index.php\/wp-json\/wp\/v2\/pages\/109\/revisions"}],"predecessor-version":[{"id":170,"href":"https:\/\/jj-sisters.at\/index.php\/wp-json\/wp\/v2\/pages\/109\/revisions\/170"}],"wp:attachment":[{"href":"https:\/\/jj-sisters.at\/index.php\/wp-json\/wp\/v2\/media?parent=109"}],"curies":[{"name":"wp","href":"https:\/\/api.w.org\/{rel}","templated":true}]}}